{"id":6,"date":"2021-03-06T17:41:18","date_gmt":"2021-03-06T16:41:18","guid":{"rendered":"http:\/\/www.hypnosepraxis-coressel.de\/?page_id=6"},"modified":"2021-03-09T15:52:40","modified_gmt":"2021-03-09T14:52:40","slug":"ueber-uns","status":"publish","type":"page","link":"http:\/\/www.hypnosepraxis-coressel.de\/?page_id=6","title":{"rendered":"\u00dcber mich"},"content":{"rendered":"\n<p>Ich hei\u00dfe Sybille Coressel, bin 1957 in Wolfstein\/Pfalz geboren.<\/p>\n\n\n\n<p>Die Welt der Hypnose hat mich schon viele Jahre immer so stark fasziniert, dass kein Weg an einer kompletten Ausbildung vorbeif\u00fchrte. Ein gro\u00dfer Wunsch eine eigene Hypnosepraxis zu<br>er\u00f6ffnen ist nun endlich in Erf\u00fcllung gegangen. Im Fr\u00fchjahr 2017 er\u00f6ffnete ich meine Praxis.<br>Voller Elan und mit dem n\u00f6tigen Fachwissen helfe ich Menschen, aus manchmal aussichtslos erscheinenden Situationen neue Wege und Perspektiven zu finden. Es ist immer wieder ein tolles Gef\u00fchl, anderen Menschen mit Rat und Tat zur Seite zu stehen, neue Wege gemeinsam zu entdecken und umzusetzen.<\/p>\n\n\n\n<p><strong>Referenzen<\/strong><\/p>\n\n\n\n<p>Ausgebildete Hypnotiseurin (TMI)<br>Thermedius-Institut<\/p>\n\n\n\n<p>Ausgebildeter Hypnose-Coach (TMI)<br>Thermedius-Institut<\/p>\n\n\n\n<p>Hypnosem-Master (TMI)<br>Thermedius-Institut<\/p>\n\n\n\n<p>Komplettausbildung (TMI)<br>Thermedius-Institut<\/p>\n","protected":false},"excerpt":{"rendered":"<p>Ich hei\u00dfe Sybille Coressel, bin 1957 in Wolfstein\/Pfalz geboren. Die Welt der Hypnose hat mich schon viele Jahre immer so stark fasziniert, dass kein Weg an einer kompletten Ausbildung vorbeif\u00fchrte. Ein gro\u00dfer Wunsch eine eigene Hypnosepraxis zuer\u00f6ffnen ist nun endlich in Erf\u00fcllung gegangen. Im Fr\u00fchjahr 2017 er\u00f6ffnete ich meine Praxis.Voller Elan und mit dem n\u00f6tigen&hellip; <a class=\"more-link\" href=\"http:\/\/www.hypnosepraxis-coressel.de\/?page_id=6\"><span class=\"screen-reader-text\">\u00dcber mich<\/span> weiterlesen<\/a><\/p>\n","protected":false},"author":1,"featured_media":0,"parent":0,"menu_order":0,"comment_status":"closed","ping_status":"closed","template":"","meta":{"footnotes":""},"class_list":["post-6","page","type-page","status-publish","hentry","entry"],"_links":{"self":[{"href":"http:\/\/www.hypnosepraxis-coressel.de\/index.php?rest_route=\/wp\/v2\/pages\/6","targetHints":{"allow":["GET"]}}],"collection":[{"href":"http:\/\/www.hypnosepraxis-coressel.de\/index.php?rest_route=\/wp\/v2\/pages"}],"about":[{"href":"http:\/\/www.hypnosepraxis-coressel.de\/index.php?rest_route=\/wp\/v2\/types\/page"}],"author":[{"embeddable":true,"href":"http:\/\/www.hypnosepraxis-coressel.de\/index.php?rest_route=\/wp\/v2\/users\/1"}],"replies":[{"embeddable":true,"href":"http:\/\/www.hypnosepraxis-coressel.de\/index.php?rest_route=%2Fwp%2Fv2%2Fcomments&post=6"}],"version-history":[{"count":2,"href":"http:\/\/www.hypnosepraxis-coressel.de\/index.php?rest_route=\/wp\/v2\/pages\/6\/revisions"}],"predecessor-version":[{"id":77,"href":"http:\/\/www.hypnosepraxis-coressel.de\/index.php?rest_route=\/wp\/v2\/pages\/6\/revisions\/77"}],"wp:attachment":[{"href":"http:\/\/www.hypnosepraxis-coressel.de\/index.php?rest_route=%2Fwp%2Fv2%2Fmedia&parent=6"}],"curies":[{"name":"wp","href":"https:\/\/api.w.org\/{rel}","templated":true}]}}