{"id":5,"date":"2021-03-06T17:41:18","date_gmt":"2021-03-06T16:41:18","guid":{"rendered":"http:\/\/www.hypnosepraxis-coressel.de\/?page_id=5"},"modified":"2021-03-06T19:31:56","modified_gmt":"2021-03-06T18:31:56","slug":"gestalte-deine-website-mit-bloecken","status":"publish","type":"page","link":"http:\/\/www.hypnosepraxis-coressel.de\/","title":{"rendered":"Willkommen"},"content":{"rendered":"\r\n<div class=\"wp-block-cover alignfull has-background-dim-20 has-background-dim has-parallax\" style=\"background-image:url(http:\/\/www.hypnosepraxis-coressel.de\/wp-content\/uploads\/2021\/03\/banner.jpg);min-height:830px;aspect-ratio:unset;\"><div class=\"wp-block-cover__inner-container is-layout-flow wp-block-cover-is-layout-flow\">\r\n<h2 class=\"alignwide has-text-align-center wp-block-heading\"><strong>Willkommen in der faszinierenden Welt der Hypnose<\/strong><\/h2>\r\n\r\n\r\n\r\n<p class=\"has-text-align-center has-extra-large-font-size\">www.Hypnosepraxis-Coressel.de<\/p>\r\n<\/div><\/div>\r\n\r\n\r\n\r\n<div class=\"wp-block-media-text alignwide is-stacked-on-mobile\" style=\"grid-template-columns:27% auto\"><figure class=\"wp-block-media-text__media\"><img loading=\"lazy\" decoding=\"async\" width=\"225\" height=\"300\" src=\"http:\/\/www.hypnosepraxis-coressel.de\/wp-content\/uploads\/2021\/03\/passbildklein.jpg\" alt=\"\" class=\"wp-image-38 size-full\"\/><\/figure><div class=\"wp-block-media-text__content\">\r\n<p style=\"font-size:15px\">Vielleicht m\u00f6chten auch sie diese Welt einfach nur mal kennenlernen, wozu ich sie hiermit aufs herzlichste einladen m\u00f6chte. Der erste Schritt ist getan, sie befinden sich auf meiner Homepage,<\/p>\r\n\r\n\r\n\r\n<p style=\"font-size:15px\">eventuell durch Zufall oder auch durch Freunde, Familie oder Bekannte, wichtig ist, dass sie bei mir gelandet sind.<\/p>\r\n\r\n\r\n\r\n<p style=\"font-size:15px\">Irgendwann auf dem Lebensweg kommt jeder Mensch an einen Punkt wo er sich vielleicht fragt wie es weitergehen wird oder soll, oder sich ganz einfach ver\u00e4ndern m\u00f6chte. Bestimmte<\/p>\r\n\r\n\r\n\r\n<p style=\"font-size:15px\">Verhaltensmuster und Glaubenss\u00e4tze haben durch positive, wie auch negative Ereignisse daf\u00fcr gesorgt, dass unsere Pers\u00f6nlichkeit, zu dem was wir heute sind, gepr\u00e4gt wurde. Wenn sie eine Auszeit von ihrem Alltag brauchen, sich ausgebrannt und \u00fcberfordert f\u00fchlen, bietet die Hypnose eine M\u00f6glichkeit einfach auf eine Reise der tiefen Entspannung zu gehen um neue Kraft zu tanken.<\/p>\r\n\r\n\r\n\r\n<p style=\"font-size:15px\">Ich biete ihnen die M\u00f6glichkeit in tiefer Entspannung ihre St\u00e4rken zu erkennen und gegebenenfalls ihre Schw\u00e4chen zu st\u00e4rken. Ich helfe ihnen neue Perspektiven zu erkennen, in dem ich mit ihnen, je nach ihren Bed\u00fcrfnissen und W\u00fcnschen, in die f\u00fcr sie geeignete Richtung gehe. Immer ihr Ziel im Auge.<\/p>\r\n<\/div><\/div>\r\n\r\n\r\n\r\n<div class=\"wp-block-cover alignfull\" style=\"background-image:url(http:\/\/www.hypnosepraxis-coressel.de\/wp-content\/uploads\/2021\/03\/wrERFTSERTGSE.jpg)\"><div class=\"wp-block-cover__inner-container is-layout-flow wp-block-cover-is-layout-flow\">\r\n<p class=\"has-text-align-center\" style=\"font-size:61px\">Leistungen<\/p>\r\n<\/div><\/div>\r\n\r\n\r\n\r\n<div class=\"wp-block-columns alignwide are-vertically-aligned-top is-layout-flex wp-container-core-columns-is-layout-9d6595d7 wp-block-columns-is-layout-flex\">\r\n<div class=\"wp-block-column is-vertically-aligned-top is-layout-flow wp-block-column-is-layout-flow\">\r\n<h3 class=\"wp-block-heading\">Systemik<\/h3>\r\n\r\n\r\n\r\n<p>Bei dieser Hypnosetechnik haben sie die M\u00f6glichkeit andere Sichtweisen zu Problemen in verschiedenen Systemen zu erarbeiten.<\/p>\r\n<\/div>\r\n\r\n\r\n\r\n<div class=\"wp-block-column is-vertically-aligned-top is-layout-flow wp-block-column-is-layout-flow\">\r\n<h3 class=\"wp-block-heading\">Superlearning<\/h3>\r\n\r\n\r\n\r\n<p>Mit dieser Methode k\u00f6nnen sie, dass zu erlernende besser abspeichern und zu jeder Zeit die notwendigen Information wieder abrufen.<\/p>\r\n<\/div>\r\n\r\n\r\n\r\n<div class=\"wp-block-column is-vertically-aligned-top is-layout-flow wp-block-column-is-layout-flow\">\r\n<h3 class=\"wp-block-heading\">Phobienbew\u00e4ltigung<\/h3>\r\n\r\n\r\n\r\n<p>Ohne Stress, Objekten oder Subjekten begegnen, entspannt in den Fahrstuhl, Urlaub usw.<\/p>\r\n<\/div>\r\n<\/div>\r\n\r\n\r\n\r\n<div class=\"wp-block-columns alignwide are-vertically-aligned-top is-layout-flex wp-container-core-columns-is-layout-9d6595d7 wp-block-columns-is-layout-flex\">\r\n<div class=\"wp-block-column is-vertically-aligned-top is-layout-flow wp-block-column-is-layout-flow\">\r\n<h3 class=\"wp-block-heading\">Burnout Pr\u00e4vention<\/h3>\r\n\r\n\r\n\r\n<p>Ziel dieser Pr\u00e4vention ist es, dass innere Gleichgewicht wieder herzustellen.<\/p>\r\n<\/div>\r\n\r\n\r\n\r\n<div class=\"wp-block-column is-vertically-aligned-top is-layout-flow wp-block-column-is-layout-flow\">\r\n<h3 class=\"wp-block-heading\">Blockaden l\u00f6sen<\/h3>\r\n\r\n\r\n\r\n<p>Bei dieser Anwendung haben Sie die M\u00f6glichkeit alles belastende, was losgelassen werden will, loszulassen.<\/p>\r\n<\/div>\r\n\r\n\r\n\r\n<div class=\"wp-block-column is-vertically-aligned-top is-layout-flow wp-block-column-is-layout-flow\">\r\n<h3 class=\"wp-block-heading\">entspannt Schlafen<\/h3>\r\n\r\n\r\n\r\n<p>Mit dieser Anwendung haben sie die M\u00f6glichkeit die schlafraubende Ursache herauszufinden und zu bew\u00e4ltigen.<\/p>\r\n<\/div>\r\n<\/div>\r\n\r\n\r\n\r\n<div class=\"wp-block-columns alignwide are-vertically-aligned-top is-layout-flex wp-container-core-columns-is-layout-9d6595d7 wp-block-columns-is-layout-flex\">\r\n<div class=\"wp-block-column is-vertically-aligned-top is-layout-flow wp-block-column-is-layout-flow\">\r\n<h3 class=\"wp-block-heading\">eigene Potentiale<\/h3>\r\n\r\n\r\n\r\n<p>Gemeinsam k\u00f6nnen wir es schaffen, wieder mehr Klarheit in Ihr Leben zu bringen.<\/p>\r\n<\/div>\r\n\r\n\r\n\r\n<div class=\"wp-block-column is-vertically-aligned-top is-layout-flow wp-block-column-is-layout-flow\">\r\n<h3 class=\"wp-block-heading\">neue Richtungen<\/h3>\r\n\r\n\r\n\r\n<p>Erkennen Sie Ihre F\u00e4higkeiten und nutzen Sie sie, um in Ihrem Leben einige Ver\u00e4nderungen vorzunehmen.<\/p>\r\n<\/div>\r\n\r\n\r\n\r\n<div class=\"wp-block-column is-vertically-aligned-top is-layout-flow wp-block-column-is-layout-flow\">\r\n<h3 class=\"wp-block-heading\">Fantasiereise<\/h3>\r\n\r\n\r\n\r\n<p>Sie sind innerlich angespannt, kommen nicht zur Ruhe? Eine Fantasiereise kann helfen.<\/p>\r\n<\/div>\r\n<\/div>\r\n\r\n\r\n\r\n<div class=\"wp-block-columns alignwide are-vertically-aligned-top is-layout-flex wp-container-core-columns-is-layout-9d6595d7 wp-block-columns-is-layout-flex\">\r\n<div class=\"wp-block-column is-vertically-aligned-top is-layout-flow wp-block-column-is-layout-flow\">\r\n<h3 class=\"wp-block-heading\"><\/h3>\r\n\r\n\r\n\r\n<p><\/p>\r\n<\/div>\r\n\r\n\r\n\r\n<div class=\"wp-block-column is-vertically-aligned-top is-layout-flow wp-block-column-is-layout-flow\">\r\n<h3 class=\"wp-block-heading\">Raucherentw\u00f6hnung<\/h3>\r\n\r\n\r\n\r\n<p>Ein Leben rauchfrei genie\u00dfen, ohne Zigarette, dass kann sich ein Raucher oft nicht vorstellen. Mit Hypnose zum Ziel.<\/p>\r\n<\/div>\r\n\r\n\r\n\r\n<div class=\"wp-block-column is-vertically-aligned-top is-layout-flow wp-block-column-is-layout-flow\">\r\n<h3 class=\"wp-block-heading\"><\/h3>\r\n\r\n\r\n\r\n<p><\/p>\r\n<\/div>\r\n<\/div>\r\n","protected":false},"excerpt":{"rendered":"<p>Vielleicht m\u00f6chten auch sie diese Welt einfach nur mal kennenlernen, wozu ich sie hiermit aufs herzlichste einladen m\u00f6chte. Der erste Schritt ist getan, sie befinden sich auf meiner Homepage, eventuell durch Zufall oder auch durch Freunde, Familie oder Bekannte, wichtig ist, dass sie bei mir gelandet sind. Irgendwann auf dem Lebensweg kommt jeder Mensch an&hellip; <a class=\"more-link\" href=\"http:\/\/www.hypnosepraxis-coressel.de\/\"><span class=\"screen-reader-text\">Willkommen<\/span> weiterlesen<\/a><\/p>\n","protected":false},"author":1,"featured_media":0,"parent":0,"menu_order":0,"comment_status":"closed","ping_status":"closed","template":"","meta":{"footnotes":""},"class_list":["post-5","page","type-page","status-publish","hentry","entry"],"_links":{"self":[{"href":"http:\/\/www.hypnosepraxis-coressel.de\/index.php?rest_route=\/wp\/v2\/pages\/5","targetHints":{"allow":["GET"]}}],"collection":[{"href":"http:\/\/www.hypnosepraxis-coressel.de\/index.php?rest_route=\/wp\/v2\/pages"}],"about":[{"href":"http:\/\/www.hypnosepraxis-coressel.de\/index.php?rest_route=\/wp\/v2\/types\/page"}],"author":[{"embeddable":true,"href":"http:\/\/www.hypnosepraxis-coressel.de\/index.php?rest_route=\/wp\/v2\/users\/1"}],"replies":[{"embeddable":true,"href":"http:\/\/www.hypnosepraxis-coressel.de\/index.php?rest_route=%2Fwp%2Fv2%2Fcomments&post=5"}],"version-history":[{"count":13,"href":"http:\/\/www.hypnosepraxis-coressel.de\/index.php?rest_route=\/wp\/v2\/pages\/5\/revisions"}],"predecessor-version":[{"id":74,"href":"http:\/\/www.hypnosepraxis-coressel.de\/index.php?rest_route=\/wp\/v2\/pages\/5\/revisions\/74"}],"wp:attachment":[{"href":"http:\/\/www.hypnosepraxis-coressel.de\/index.php?rest_route=%2Fwp%2Fv2%2Fmedia&parent=5"}],"curies":[{"name":"wp","href":"https:\/\/api.w.org\/{rel}","templated":true}]}}